{"id":100,"date":"2023-09-13T10:12:44","date_gmt":"2023-09-13T08:12:44","guid":{"rendered":"https:\/\/swissok.ch\/?page_id=100"},"modified":"2024-05-11T12:35:45","modified_gmt":"2024-05-11T10:35:45","slug":"soins-onglons","status":"publish","type":"page","link":"https:\/\/swissok.ch\/de\/soins-onglons\/","title":{"rendered":"Soins aux onglons"},"content":{"rendered":"<div data-elementor-type=\"wp-page\" data-elementor-id=\"100\" class=\"elementor elementor-100\" data-elementor-post-type=\"page\">\n\t\t\t\t<div class=\"elementor-element elementor-element-b7af25b e-flex e-con-boxed e-con e-parent\" data-id=\"b7af25b\" data-element_type=\"container\">\n\t\t\t\t\t<div class=\"e-con-inner\">\n\t\t\t\t<div class=\"elementor-element elementor-element-8088dc3 elementor-widget elementor-widget-heading\" data-id=\"8088dc3\" data-element_type=\"widget\" data-widget_type=\"heading.default\">\n\t\t\t\t<div class=\"elementor-widget-container\">\n\t\t\t\t\t<h2 class=\"elementor-heading-title elementor-size-default\">Fortbildungen Klauengesundheit und -pflege:<\/h2>\t\t\t\t<\/div>\n\t\t\t\t<\/div>\n\t\t\t\t<div class=\"elementor-element elementor-element-395bb53 elementor-widget-divider--view-line elementor-widget elementor-widget-divider\" data-id=\"395bb53\" data-element_type=\"widget\" data-widget_type=\"divider.default\">\n\t\t\t\t<div class=\"elementor-widget-container\">\n\t\t\t\t\t\t\t<div class=\"elementor-divider\">\n\t\t\t<span class=\"elementor-divider-separator\">\n\t\t\t\t\t\t<\/span>\n\t\t<\/div>\n\t\t\t\t\t\t<\/div>\n\t\t\t\t<\/div>\n\t\t\t\t<div class=\"elementor-element elementor-element-e0e5162 elementor-widget elementor-widget-text-editor\" data-id=\"e0e5162\" data-element_type=\"widget\" data-widget_type=\"text-editor.default\">\n\t\t\t\t<div class=\"elementor-widget-container\">\n\t\t\t\t\t\t\t\t\t<p>Mit einem diplomierten Instruktor f\u00fcr Klauenpflege, Klauenpflegern und Tier\u00e4rzten haben wir das perfekte Team um euch moderne Lehrg\u00e4nge, Workshops und Vortr\u00e4ge zur Klauenpflege und -gesundheit auf h\u00f6chstem Niveau und mit innovativen Konzepten anzubieten.<\/p>\t\t\t\t\t\t\t\t<\/div>\n\t\t\t\t<\/div>\n\t\t\t\t<div class=\"elementor-element elementor-element-928555c elementor-widget elementor-widget-text-editor\" data-id=\"928555c\" data-element_type=\"widget\" data-widget_type=\"text-editor.default\">\n\t\t\t\t<div class=\"elementor-widget-container\">\n\t\t\t\t\t\t\t\t\t<p>\u00a0M\u00f6gliche Themen sind:<\/p><ul><li>Grundlagen- oder Vertiefungskurs der funktionelle Klauenpflege<\/li><li>Auffrischungskurs f\u00fcr Betriebsleiter die sich selbst\u00e4ndig um die Klauengesundheit k\u00fcmmern<\/li><li>Mortellaro - Konzepte zur Vorbeugung und Bek\u00e4mpfung<\/li><li>Grundlagen der funktionellen Klauenpflege und behandlung von Klauenerkrankungen f\u00fcr Tier\u00e4rzte<\/li><li>&#8230;<\/li><\/ul>\t\t\t\t\t\t\t\t<\/div>\n\t\t\t\t<\/div>\n\t\t\t\t<div class=\"elementor-element elementor-element-cce2601 elementor-widget elementor-widget-text-editor\" data-id=\"cce2601\" data-element_type=\"widget\" data-widget_type=\"text-editor.default\">\n\t\t\t\t<div class=\"elementor-widget-container\">\n\t\t\t\t\t\t\t\t\t<p>\u00a0<br \/>Kommen Sie gerne mit Ihren W\u00fcnschen auf uns zu und wir erstellen gemeinsam das f\u00fcr Sie passende Programm!<\/p>\t\t\t\t\t\t\t\t<\/div>\n\t\t\t\t<\/div>\n\t\t\t\t\t<\/div>\n\t\t\t\t<\/div>\n\t\t\t\t<\/div>","protected":false},"excerpt":{"rendered":"<p>Formation aux soins aux onglons Notre codirecteur, Benjamin Weyrich, participe actuellement \u00e0 la \u00ab\u00a0formation dipl\u00f4mante d&rsquo;instructeur en soins des onglons\u00a0\u00bb en Autriche et donne r\u00e9guli\u00e8rement des cours dans des \u00e9coles d&rsquo;agriculture. Cela nous permet de proposer des cours, des ateliers et des conf\u00e9rences modernes sur le soin et la sant\u00e9 des onglons au plus haut [&hellip;]<\/p>\n","protected":false},"author":1,"featured_media":0,"parent":0,"menu_order":0,"comment_status":"closed","ping_status":"closed","template":"","meta":{"footnotes":""},"class_list":["post-100","page","type-page","status-publish","hentry"],"_links":{"self":[{"href":"https:\/\/swissok.ch\/de\/wp-json\/wp\/v2\/pages\/100","targetHints":{"allow":["GET"]}}],"collection":[{"href":"https:\/\/swissok.ch\/de\/wp-json\/wp\/v2\/pages"}],"about":[{"href":"https:\/\/swissok.ch\/de\/wp-json\/wp\/v2\/types\/page"}],"author":[{"embeddable":true,"href":"https:\/\/swissok.ch\/de\/wp-json\/wp\/v2\/users\/1"}],"replies":[{"embeddable":true,"href":"https:\/\/swissok.ch\/de\/wp-json\/wp\/v2\/comments?post=100"}],"version-history":[{"count":20,"href":"https:\/\/swissok.ch\/de\/wp-json\/wp\/v2\/pages\/100\/revisions"}],"predecessor-version":[{"id":875,"href":"https:\/\/swissok.ch\/de\/wp-json\/wp\/v2\/pages\/100\/revisions\/875"}],"wp:attachment":[{"href":"https:\/\/swissok.ch\/de\/wp-json\/wp\/v2\/media?parent=100"}],"curies":[{"name":"wp","href":"https:\/\/api.w.org\/{rel}","templated":true}]}}