{"id":752,"date":"2024-03-19T08:16:32","date_gmt":"2024-03-19T07:16:32","guid":{"rendered":"https:\/\/swissok.ch\/?page_id=752"},"modified":"2024-07-03T18:05:29","modified_gmt":"2024-07-03T16:05:29","slug":"mentions-legales-impressum","status":"publish","type":"page","link":"https:\/\/swissok.ch\/de\/mentions-legales-impressum\/","title":{"rendered":"Mentions l\u00e9gales &#8211; impressum"},"content":{"rendered":"<div data-elementor-type=\"wp-page\" data-elementor-id=\"752\" class=\"elementor elementor-752\" data-elementor-post-type=\"page\">\n\t\t\t\t<div class=\"elementor-element elementor-element-1488d31 e-flex e-con-boxed e-con e-parent\" data-id=\"1488d31\" data-element_type=\"container\">\n\t\t\t\t\t<div class=\"e-con-inner\">\n\t\t\t\t<div class=\"elementor-element elementor-element-064ee29 elementor-widget elementor-widget-heading\" data-id=\"064ee29\" data-element_type=\"widget\" data-widget_type=\"heading.default\">\n\t\t\t\t<div class=\"elementor-widget-container\">\n\t\t\t\t\t<h2 class=\"elementor-heading-title elementor-size-default\">Mentions l\u00e9gales<\/h2>\t\t\t\t<\/div>\n\t\t\t\t<\/div>\n\t\t\t\t<div class=\"elementor-element elementor-element-7c3e894 elementor-widget-divider--view-line elementor-widget elementor-widget-divider\" data-id=\"7c3e894\" data-element_type=\"widget\" data-widget_type=\"divider.default\">\n\t\t\t\t<div class=\"elementor-widget-container\">\n\t\t\t\t\t\t\t<div class=\"elementor-divider\">\n\t\t\t<span class=\"elementor-divider-separator\">\n\t\t\t\t\t\t<\/span>\n\t\t<\/div>\n\t\t\t\t\t\t<\/div>\n\t\t\t\t<\/div>\n\t\t\t\t<div class=\"elementor-element elementor-element-cd58139 elementor-widget elementor-widget-text-editor\" data-id=\"cd58139\" data-element_type=\"widget\" data-widget_type=\"text-editor.default\">\n\t\t\t\t<div class=\"elementor-widget-container\">\n\t\t\t\t\t\t\t\t\t<p class=\"Pardfaut\"><strong>Nom de l\u2019entreprise:<\/strong> SwissOK SA<br \/><strong>IDE:<\/strong> CHE-163.186.649<br \/><strong>CH-ID:<\/strong> CH-670-3009684-0<br \/><strong>OFRC-ID:<\/strong> 1604350<br \/><strong>Adresse postale:<\/strong> Route de B\u00e2le 151 | 2800 Del\u00e9mont<br \/><strong>T\u00e9l\u00e9phone:<\/strong> +41 79 537 38 63<br \/><strong>Adresse \u00e9lectronique:<\/strong> info(a)swissok.ch<\/p>\t\t\t\t\t\t\t\t<\/div>\n\t\t\t\t<\/div>\n\t\t\t\t\t<\/div>\n\t\t\t\t<\/div>\n\t\t<div class=\"elementor-element elementor-element-319c34b e-flex e-con-boxed e-con e-parent\" data-id=\"319c34b\" data-element_type=\"container\">\n\t\t\t\t\t<div class=\"e-con-inner\">\n\t\t\t\t<div class=\"elementor-element elementor-element-f6d8515 elementor-widget elementor-widget-heading\" data-id=\"f6d8515\" data-element_type=\"widget\" data-widget_type=\"heading.default\">\n\t\t\t\t<div class=\"elementor-widget-container\">\n\t\t\t\t\t<h2 class=\"elementor-heading-title elementor-size-default\">Impressum<\/h2>\t\t\t\t<\/div>\n\t\t\t\t<\/div>\n\t\t\t\t<div class=\"elementor-element elementor-element-f42c6b6 elementor-widget-divider--view-line elementor-widget elementor-widget-divider\" data-id=\"f42c6b6\" data-element_type=\"widget\" data-widget_type=\"divider.default\">\n\t\t\t\t<div class=\"elementor-widget-container\">\n\t\t\t\t\t\t\t<div class=\"elementor-divider\">\n\t\t\t<span class=\"elementor-divider-separator\">\n\t\t\t\t\t\t<\/span>\n\t\t<\/div>\n\t\t\t\t\t\t<\/div>\n\t\t\t\t<\/div>\n\t\t\t\t<div class=\"elementor-element elementor-element-9828957 elementor-widget elementor-widget-text-editor\" data-id=\"9828957\" data-element_type=\"widget\" data-widget_type=\"text-editor.default\">\n\t\t\t\t<div class=\"elementor-widget-container\">\n\t\t\t\t\t\t\t\t\t<p>Ce site a \u00e9t\u00e9 con\u00e7u par l&rsquo;\u00e9quipe de synergik.ch.<\/p>\t\t\t\t\t\t\t\t<\/div>\n\t\t\t\t<\/div>\n\t\t\t\t\t<\/div>\n\t\t\t\t<\/div>\n\t\t\t\t<\/div>","protected":false},"excerpt":{"rendered":"<p>Mentions l\u00e9gales Nom de l\u2019entreprise: SwissOK SAIDE: CHE-163.186.649CH-ID: CH-670-3009684-0OFRC-ID: 1604350Adresse postale: Route de B\u00e2le 151 | 2800 Del\u00e9montT\u00e9l\u00e9phone: +41 79 537 38 63Adresse \u00e9lectronique: info(a)swissok.ch Impressum Ce site a \u00e9t\u00e9 con\u00e7u par l&rsquo;\u00e9quipe de synergik.ch.<\/p>","protected":false},"author":1,"featured_media":0,"parent":0,"menu_order":0,"comment_status":"closed","ping_status":"closed","template":"","meta":{"footnotes":""},"class_list":["post-752","page","type-page","status-publish","hentry"],"_links":{"self":[{"href":"https:\/\/swissok.ch\/de\/wp-json\/wp\/v2\/pages\/752","targetHints":{"allow":["GET"]}}],"collection":[{"href":"https:\/\/swissok.ch\/de\/wp-json\/wp\/v2\/pages"}],"about":[{"href":"https:\/\/swissok.ch\/de\/wp-json\/wp\/v2\/types\/page"}],"author":[{"embeddable":true,"href":"https:\/\/swissok.ch\/de\/wp-json\/wp\/v2\/users\/1"}],"replies":[{"embeddable":true,"href":"https:\/\/swissok.ch\/de\/wp-json\/wp\/v2\/comments?post=752"}],"version-history":[{"count":10,"href":"https:\/\/swissok.ch\/de\/wp-json\/wp\/v2\/pages\/752\/revisions"}],"predecessor-version":[{"id":906,"href":"https:\/\/swissok.ch\/de\/wp-json\/wp\/v2\/pages\/752\/revisions\/906"}],"wp:attachment":[{"href":"https:\/\/swissok.ch\/de\/wp-json\/wp\/v2\/media?parent=752"}],"curies":[{"name":"wp","href":"https:\/\/api.w.org\/{rel}","templated":true}]}}