{"id":96,"date":"2023-09-13T10:11:42","date_gmt":"2023-09-13T08:11:42","guid":{"rendered":"https:\/\/swissok.ch\/?page_id=96"},"modified":"2025-06-08T10:13:20","modified_gmt":"2025-06-08T08:13:20","slug":"service-de-parage","status":"publish","type":"page","link":"https:\/\/swissok.ch\/de\/service-de-parage\/","title":{"rendered":"Klauenpflege-Service"},"content":{"rendered":"<div data-elementor-type=\"wp-page\" data-elementor-id=\"96\" class=\"elementor elementor-96\" data-elementor-post-type=\"page\">\n\t\t\t\t<div class=\"elementor-element elementor-element-c3cf15d e-flex e-con-boxed e-con e-parent\" data-id=\"c3cf15d\" data-element_type=\"container\">\n\t\t\t\t\t<div class=\"e-con-inner\">\n\t\t\t\t<div class=\"elementor-element elementor-element-d5943d7 elementor-widget elementor-widget-heading\" data-id=\"d5943d7\" data-element_type=\"widget\" data-widget_type=\"heading.default\">\n\t\t\t\t<div class=\"elementor-widget-container\">\n\t\t\t\t\t<h2 class=\"elementor-heading-title elementor-size-default\">Klauenpflege-Service<\/h2>\t\t\t\t<\/div>\n\t\t\t\t<\/div>\n\t\t\t\t<div class=\"elementor-element elementor-element-1ac409e elementor-widget-divider--view-line elementor-widget elementor-widget-divider\" data-id=\"1ac409e\" data-element_type=\"widget\" data-widget_type=\"divider.default\">\n\t\t\t\t<div class=\"elementor-widget-container\">\n\t\t\t\t\t\t\t<div class=\"elementor-divider\">\n\t\t\t<span class=\"elementor-divider-separator\">\n\t\t\t\t\t\t<\/span>\n\t\t<\/div>\n\t\t\t\t\t\t<\/div>\n\t\t\t\t<\/div>\n\t\t\t\t<div class=\"elementor-element elementor-element-3abb271 elementor-widget elementor-widget-text-editor\" data-id=\"3abb271\" data-element_type=\"widget\" data-widget_type=\"text-editor.default\">\n\t\t\t\t<div class=\"elementor-widget-container\">\n\t\t\t\t\t\t\t\t\t<p style=\"font-weight: 400;\">Mit zwei modernen Klauenstand ausgestattet bieten unser Team einen innovativen Service um gemeinsam das Fundament Ihrer K\u00fche zu verbessern.<\/p><p class=\"Pardfaut\"><span lang=\"FR\">.<\/span><\/p>\t\t\t\t\t\t\t\t<\/div>\n\t\t\t\t<\/div>\n\t\t\t\t<div class=\"elementor-element elementor-element-f2b554a elementor-widget elementor-widget-text-editor\" data-id=\"f2b554a\" data-element_type=\"widget\" data-widget_type=\"text-editor.default\">\n\t\t\t\t<div class=\"elementor-widget-container\">\n\t\t\t\t\t\t\t\t\t<p style=\"font-weight: 400;\">Vorteile:<\/p><ul><li class=\"translation-block\">Hohe Qualit\u00e4t der Klauenpflege<\/li><li class=\"translation-block\">Ruhige Arbeit ohne Stress f\u00fcr die K\u00fche<\/li><li class=\"translation-block\">Arbeit mit zwei Klauenpflegern an zwei Pflegest\u00e4nden bei grossen Herden<\/li><li class=\"translation-block\">Professionelle Beratung mit fundierten Kenntnissen im Bereich<\/li><li class=\"translation-block\">Moderne hydraulische Klauenst\u00e4nde<\/li><li class=\"translation-block\">Klauenpflege im besten Moment f\u00fcr die Kuh: falls gew\u00fcnscht mehrere Besuche pro Jahr mit jeweils nur einem Teil der Herde (z.B. Trockensteher)<\/li><li class=\"translation-block\">digitale Dokumentation der Klauenl\u00e4sionen<\/li><li class=\"translation-block\">Selbst komplizierte Klauenprobleme k\u00f6nnen mit An\u00e4sthesie sofort behandelt werden und werden in Zusammenarbeit mit den Tier\u00e4rzten der Gruppe \u201eClinique du Vieux Chateau \/ Juravet\u201c oder Ihrem Bestandstierarzt weiter versorgt.<\/li><\/ul>\t\t\t\t\t\t\t\t<\/div>\n\t\t\t\t<\/div>\n\t\t\t\t<div class=\"elementor-element elementor-element-d1daf80 elementor-widget elementor-widget-heading\" data-id=\"d1daf80\" data-element_type=\"widget\" data-widget_type=\"heading.default\">\n\t\t\t\t<div class=\"elementor-widget-container\">\n\t\t\t\t\t<h3 class=\"elementor-heading-title elementor-size-default\">Preise<\/h3>\t\t\t\t<\/div>\n\t\t\t\t<\/div>\n\t\t\t\t<div class=\"elementor-element elementor-element-4c24f2a elementor-widget elementor-widget-text-editor\" data-id=\"4c24f2a\" data-element_type=\"widget\" data-widget_type=\"text-editor.default\">\n\t\t\t\t<div class=\"elementor-widget-container\">\n\t\t\t\t\t\t\t\t\t<table style=\"font-weight: 400;\"><tbody><tr><td><p><strong>Funktionelle Klauenpflege pro Kuh<\/strong><\/p><\/td><td><p>18.- CHF<\/p><\/td><\/tr><tr><td><p><strong>Transport, Aufbau und Reinigung Klauenstand<\/strong><\/p><\/td><td><p>Gratis ab 20 K\u00fchen<br \/>&lt; 10 K\u00fche: 60, - CHF<br \/>10 - 20 K\u00fche: 30.- CHF<\/p><\/td><\/tr><tr><td><p><strong>Einfacher Klauenverband<\/strong><br \/>(z.B. Mortellaro)<\/p><\/td><td><p>20.- CHF,<br \/>inkl. Material<\/p><\/td><\/tr><tr><td><p><strong>Kurative Klauenpflege + Verband<\/strong> (z.B. Geschw\u00fcr, Abszess, ...)<\/p><\/td><td><p>30.- CHF,<br \/>inkl. Material<\/p><\/td><\/tr><tr><td><p><strong>Klotz anbringen <\/strong><\/p><\/td><td><p>25.- CHF,<br \/>inkl. Material<\/p><\/td><\/tr><\/tbody><\/table>\t\t\t\t\t\t\t\t<\/div>\n\t\t\t\t<\/div>\n\t\t\t\t\t<\/div>\n\t\t\t\t<\/div>\n\t\t\t\t<\/div>","protected":false},"excerpt":{"rendered":"<p>Service de parage Equip\u00e9s de deux cages de parage hydrauliques et avec un service novateur, notre \u00e9quipe vous aide \u00e0 partir du bon pied pour faire avancer vos vaches. Nous nous d\u00e9pla\u00e7ons pour venir prodiguer des soins de p\u00e9dicure individuels et de troupeaux. Avantages: Travail calme et sans stress pour les animaux Meilleure qualit\u00e9 de [&hellip;]<\/p>\n","protected":false},"author":1,"featured_media":0,"parent":0,"menu_order":0,"comment_status":"closed","ping_status":"closed","template":"","meta":{"footnotes":""},"class_list":["post-96","page","type-page","status-publish","hentry"],"_links":{"self":[{"href":"https:\/\/swissok.ch\/de\/wp-json\/wp\/v2\/pages\/96","targetHints":{"allow":["GET"]}}],"collection":[{"href":"https:\/\/swissok.ch\/de\/wp-json\/wp\/v2\/pages"}],"about":[{"href":"https:\/\/swissok.ch\/de\/wp-json\/wp\/v2\/types\/page"}],"author":[{"embeddable":true,"href":"https:\/\/swissok.ch\/de\/wp-json\/wp\/v2\/users\/1"}],"replies":[{"embeddable":true,"href":"https:\/\/swissok.ch\/de\/wp-json\/wp\/v2\/comments?post=96"}],"version-history":[{"count":28,"href":"https:\/\/swissok.ch\/de\/wp-json\/wp\/v2\/pages\/96\/revisions"}],"predecessor-version":[{"id":1146,"href":"https:\/\/swissok.ch\/de\/wp-json\/wp\/v2\/pages\/96\/revisions\/1146"}],"wp:attachment":[{"href":"https:\/\/swissok.ch\/de\/wp-json\/wp\/v2\/media?parent=96"}],"curies":[{"name":"wp","href":"https:\/\/api.w.org\/{rel}","templated":true}]}}