{"id":98,"date":"2023-09-13T10:12:00","date_gmt":"2023-09-13T08:12:00","guid":{"rendered":"https:\/\/swissok.ch\/?page_id=98"},"modified":"2024-02-23T10:30:56","modified_gmt":"2024-02-23T09:30:56","slug":"audit-troupeau","status":"publish","type":"page","link":"https:\/\/swissok.ch\/de\/audit-troupeau\/","title":{"rendered":"Bestandsaudit"},"content":{"rendered":"<div data-elementor-type=\"wp-page\" data-elementor-id=\"98\" class=\"elementor elementor-98\" data-elementor-post-type=\"page\">\n\t\t\t\t<div class=\"elementor-element elementor-element-fe7dfa8 e-flex e-con-boxed e-con e-parent\" data-id=\"fe7dfa8\" data-element_type=\"container\">\n\t\t\t\t\t<div class=\"e-con-inner\">\n\t\t\t\t<div class=\"elementor-element elementor-element-2c47f73 elementor-widget elementor-widget-heading\" data-id=\"2c47f73\" data-element_type=\"widget\" data-widget_type=\"heading.default\">\n\t\t\t\t<div class=\"elementor-widget-container\">\n\t\t\t\t\t<h2 class=\"elementor-heading-title elementor-size-default\">Bestandsaudit<\/h2>\t\t\t\t<\/div>\n\t\t\t\t<\/div>\n\t\t\t\t<div class=\"elementor-element elementor-element-88c4455 elementor-widget-divider--view-line elementor-widget elementor-widget-divider\" data-id=\"88c4455\" data-element_type=\"widget\" data-widget_type=\"divider.default\">\n\t\t\t\t<div class=\"elementor-widget-container\">\n\t\t\t\t\t\t\t<div class=\"elementor-divider\">\n\t\t\t<span class=\"elementor-divider-separator\">\n\t\t\t\t\t\t<\/span>\n\t\t<\/div>\n\t\t\t\t\t\t<\/div>\n\t\t\t\t<\/div>\n\t\t\t\t<div class=\"elementor-element elementor-element-2d1fbae elementor-widget elementor-widget-text-editor\" data-id=\"2d1fbae\" data-element_type=\"widget\" data-widget_type=\"text-editor.default\">\n\t\t\t\t<div class=\"elementor-widget-container\">\n\t\t\t\t\t\t\t\t\t<p>Wir arbeiten in Herden mit Klauenerkrankungen, beurteilen die L\u00e4sionen nach Art und Schweregrad, kodieren alles und k\u00f6nnen es dann analysieren.<br \/>Als Mitglied des Programms <em>Gesunde Klauen<\/em> k\u00f6nnen wir die Hilfe der Universit\u00e4t Bern in Anspruch nehmen und kostenlose Audits f\u00fcr teilnehmende Problembetriebe anbieten.<\/p>\t\t\t\t\t\t\t\t<\/div>\n\t\t\t\t<\/div>\n\t\t\t\t<div class=\"elementor-element elementor-element-b92fa84 elementor-widget elementor-widget-image\" data-id=\"b92fa84\" data-element_type=\"widget\" data-widget_type=\"image.default\">\n\t\t\t\t<div class=\"elementor-widget-container\">\n\t\t\t\t\t\t\t\t\t\t\t\t\t\t\t\t<a href=\"https:\/\/www.gesundeklauen.unibe.ch\/index_fra.html\" target=\"_blank\" rel=\"noopener\">\n\t\t\t\t\t\t\t<img fetchpriority=\"high\" decoding=\"async\" width=\"820\" height=\"284\" src=\"https:\/\/swissok.ch\/wp-content\/uploads\/2023\/10\/Logo_onglons-sains.svg\" class=\"attachment-full size-full wp-image-342\" alt=\"\" \/>\t\t\t\t\t\t\t\t<\/a>\n\t\t\t\t\t\t\t\t\t\t\t\t\t\t\t<\/div>\n\t\t\t\t<\/div>\n\t\t\t\t<div class=\"elementor-element elementor-element-3466aca elementor-widget elementor-widget-text-editor\" data-id=\"3466aca\" data-element_type=\"widget\" data-widget_type=\"text-editor.default\">\n\t\t\t\t<div class=\"elementor-widget-container\">\n\t\t\t\t\t\t\t\t\t<p>Wir haben auch die M\u00f6glichkeit, FarmConsult einzuschalten, wenn sich herausstellt, dass die Probleme au\u00dferhalb unserer Fachgebiete liegen.<\/p>\t\t\t\t\t\t\t\t<\/div>\n\t\t\t\t<\/div>\n\t\t\t\t<div class=\"elementor-element elementor-element-57878df elementor-widget elementor-widget-image\" data-id=\"57878df\" data-element_type=\"widget\" data-widget_type=\"image.default\">\n\t\t\t\t<div class=\"elementor-widget-container\">\n\t\t\t\t\t\t\t\t\t\t\t\t\t\t\t\t<a href=\"https:\/\/farmconsult.ch\" target=\"_blank\" rel=\"noopener\">\n\t\t\t\t\t\t\t<img decoding=\"async\" width=\"836\" height=\"302\" src=\"https:\/\/swissok.ch\/wp-content\/uploads\/2023\/09\/logo_FarmConsult.svg\" class=\"attachment-full size-full wp-image-126\" alt=\"\" \/>\t\t\t\t\t\t\t\t<\/a>\n\t\t\t\t\t\t\t\t\t\t\t\t\t\t\t<\/div>\n\t\t\t\t<\/div>\n\t\t\t\t\t<\/div>\n\t\t\t\t<\/div>\n\t\t\t\t<\/div>","protected":false},"excerpt":{"rendered":"<p>Audit de troupeau Nous intervenons dans les troupeaux pr\u00e9sentant des pathologies podales, nous \u00e9valuons les l\u00e9sions selon leurs types et leur s\u00e9v\u00e9rit\u00e9, tout cela est encod\u00e9 et ensuite peut-\u00eatre analys\u00e9.\u00c9tant adh\u00e9rent au programme onglons sains nous pouvons b\u00e9n\u00e9ficier de l\u2019aide de l\u2019universit\u00e9 de Berne et offrir des audits gratuits pour les \u00e9levages \u00e0 probl\u00e8me participants. [&hellip;]<\/p>\n","protected":false},"author":1,"featured_media":0,"parent":0,"menu_order":0,"comment_status":"closed","ping_status":"closed","template":"","meta":{"footnotes":""},"class_list":["post-98","page","type-page","status-publish","hentry"],"_links":{"self":[{"href":"https:\/\/swissok.ch\/de\/wp-json\/wp\/v2\/pages\/98","targetHints":{"allow":["GET"]}}],"collection":[{"href":"https:\/\/swissok.ch\/de\/wp-json\/wp\/v2\/pages"}],"about":[{"href":"https:\/\/swissok.ch\/de\/wp-json\/wp\/v2\/types\/page"}],"author":[{"embeddable":true,"href":"https:\/\/swissok.ch\/de\/wp-json\/wp\/v2\/users\/1"}],"replies":[{"embeddable":true,"href":"https:\/\/swissok.ch\/de\/wp-json\/wp\/v2\/comments?post=98"}],"version-history":[{"count":32,"href":"https:\/\/swissok.ch\/de\/wp-json\/wp\/v2\/pages\/98\/revisions"}],"predecessor-version":[{"id":497,"href":"https:\/\/swissok.ch\/de\/wp-json\/wp\/v2\/pages\/98\/revisions\/497"}],"wp:attachment":[{"href":"https:\/\/swissok.ch\/de\/wp-json\/wp\/v2\/media?parent=98"}],"curies":[{"name":"wp","href":"https:\/\/api.w.org\/{rel}","templated":true}]}}