{"id":1099,"date":"2024-11-01T07:51:01","date_gmt":"2024-11-01T06:51:01","guid":{"rendered":"https:\/\/swissok.ch\/?post_type=product&#038;p=1099"},"modified":"2025-11-15T14:49:03","modified_gmt":"2025-11-15T13:49:03","slug":"compresse-ergonomique","status":"publish","type":"product","link":"https:\/\/swissok.ch\/de\/produkt\/compresse-ergonomique\/","title":{"rendered":"SwissOK &#8211; Compresse ergonomique &#8211; 12p."},"content":{"rendered":"<p>Pansements ergonomiques &#8211; SwissOK<\/p>\n<p>Les pansements sont parfaitement adapt\u00e9s \u00e0 l&rsquo;onglon des bovins et peuvent \u00eatre utilis\u00e9s pour toutes les l\u00e9sions de l&rsquo;espace interdigit\u00e9 et du talon (p. ex. maladie de Mortellaro).<br \/>\n&#8211; Int\u00e9rieur ouat\u00e9<br \/>\n&#8211; Face ext\u00e9rieure hydrofuge<\/p>\n<p>12 pansements par paquet<\/p>","protected":false},"excerpt":{"rendered":"<p>Pansements ergonomiques &#8211; SwissOK Les pansements sont parfaitement adapt\u00e9s \u00e0 l&rsquo;onglon des bovins et peuvent \u00eatre utilis\u00e9s pour toutes les l\u00e9sions de l&rsquo;espace interdigit\u00e9 et du talon (p. ex. maladie de Mortellaro). &#8211; Int\u00e9rieur ouat\u00e9 &#8211; Face ext\u00e9rieure hydrofuge 12 pansements par paquet<\/p>","protected":false},"featured_media":1103,"template":"","meta":[],"product_brand":[],"product_cat":[20],"product_tag":[],"class_list":{"0":"post-1099","1":"product","2":"type-product","3":"status-publish","4":"has-post-thumbnail","6":"product_cat-bandages","8":"first","9":"instock","10":"taxable","11":"shipping-taxable","12":"purchasable","13":"product-type-simple"},"_links":{"self":[{"href":"https:\/\/swissok.ch\/de\/wp-json\/wp\/v2\/product\/1099","targetHints":{"allow":["GET"]}}],"collection":[{"href":"https:\/\/swissok.ch\/de\/wp-json\/wp\/v2\/product"}],"about":[{"href":"https:\/\/swissok.ch\/de\/wp-json\/wp\/v2\/types\/product"}],"wp:featuredmedia":[{"embeddable":true,"href":"https:\/\/swissok.ch\/de\/wp-json\/wp\/v2\/media\/1103"}],"wp:attachment":[{"href":"https:\/\/swissok.ch\/de\/wp-json\/wp\/v2\/media?parent=1099"}],"wp:term":[{"taxonomy":"product_brand","embeddable":true,"href":"https:\/\/swissok.ch\/de\/wp-json\/wp\/v2\/product_brand?post=1099"},{"taxonomy":"product_cat","embeddable":true,"href":"https:\/\/swissok.ch\/de\/wp-json\/wp\/v2\/product_cat?post=1099"},{"taxonomy":"product_tag","embeddable":true,"href":"https:\/\/swissok.ch\/de\/wp-json\/wp\/v2\/product_tag?post=1099"}],"curies":[{"name":"wp","href":"https:\/\/api.w.org\/{rel}","templated":true}]}}