{"id":1112,"date":"2024-11-01T15:34:55","date_gmt":"2024-11-01T14:34:55","guid":{"rendered":"https:\/\/swissok.ch\/?post_type=product&#038;p=1112"},"modified":"2025-11-15T14:48:42","modified_gmt":"2025-11-15T13:48:42","slug":"talonnette-polyurethane-bio","status":"publish","type":"product","link":"https:\/\/swissok.ch\/de\/produkt\/talonnette-polyurethane-bio\/","title":{"rendered":"Talonnette Polyur\u00e9thane \u2013 BIO"},"content":{"rendered":"<p>Talonnette TPBlock BIO<\/p>\n<p>Les talonnettes en polyur\u00e9thane biod\u00e9gradable restent efficaces plus longtemps sans laisser de microplastiques nocifs pour l&rsquo;environnement dans les p\u00e2turages. Le mod\u00e8le bio est rigide comme une talonnette classique en bois et id\u00e9al pour soulager la griffe du partenaire. Ne pas l&rsquo;utiliser sur des onglons d\u00e9j\u00e0 sollicit\u00e9s.<\/p>\n<p>ils existe en deux tailles : standard (110 mm) et XXL (130 mm)<\/p>\n<p>et en trois hauteurs:<\/p>\n<ul>\n<li>basse (14 mm)<\/li>\n<li>haute (18 mm)<\/li>\n<li>extra haute (25 mm)<\/li>\n<\/ul>","protected":false},"excerpt":{"rendered":"<p>Talonnette TPBlock BIO Les talonnettes en polyur\u00e9thane biod\u00e9gradable restent efficaces plus longtemps sans laisser de microplastiques nocifs pour l&rsquo;environnement dans les p\u00e2turages. Le mod\u00e8le bio est rigide comme une talonnette classique en bois et id\u00e9al pour soulager la griffe du partenaire. Ne pas l&rsquo;utiliser sur des onglons d\u00e9j\u00e0 sollicit\u00e9s. ils existe en deux tailles : [&hellip;]<\/p>\n","protected":false},"featured_media":1119,"template":"","meta":[],"product_brand":[],"product_cat":[26],"product_tag":[],"class_list":{"0":"post-1112","1":"product","2":"type-product","3":"status-publish","4":"has-post-thumbnail","6":"product_cat-talonnettes-et-colle","8":"first","9":"instock","10":"taxable","11":"shipping-taxable","12":"purchasable","13":"product-type-variable"},"_links":{"self":[{"href":"https:\/\/swissok.ch\/de\/wp-json\/wp\/v2\/product\/1112","targetHints":{"allow":["GET"]}}],"collection":[{"href":"https:\/\/swissok.ch\/de\/wp-json\/wp\/v2\/product"}],"about":[{"href":"https:\/\/swissok.ch\/de\/wp-json\/wp\/v2\/types\/product"}],"wp:featuredmedia":[{"embeddable":true,"href":"https:\/\/swissok.ch\/de\/wp-json\/wp\/v2\/media\/1119"}],"wp:attachment":[{"href":"https:\/\/swissok.ch\/de\/wp-json\/wp\/v2\/media?parent=1112"}],"wp:term":[{"taxonomy":"product_brand","embeddable":true,"href":"https:\/\/swissok.ch\/de\/wp-json\/wp\/v2\/product_brand?post=1112"},{"taxonomy":"product_cat","embeddable":true,"href":"https:\/\/swissok.ch\/de\/wp-json\/wp\/v2\/product_cat?post=1112"},{"taxonomy":"product_tag","embeddable":true,"href":"https:\/\/swissok.ch\/de\/wp-json\/wp\/v2\/product_tag?post=1112"}],"curies":[{"name":"wp","href":"https:\/\/api.w.org\/{rel}","templated":true}]}}