{"id":433,"date":"2024-02-22T08:50:45","date_gmt":"2024-02-22T07:50:45","guid":{"rendered":"https:\/\/swissok.ch\/?post_type=product&#038;p=433"},"modified":"2025-11-15T14:58:26","modified_gmt":"2025-11-15T13:58:26","slug":"retire-bandage-lame-3mm-85cm-avec-poignee-caoutchouc","status":"publish","type":"product","link":"https:\/\/swissok.ch\/de\/produkt\/retire-bandage-lame-3mm-85cm-avec-poignee-caoutchouc\/","title":{"rendered":"Verbandsmesser"},"content":{"rendered":"<p>Lame 3mm<\/p>\n<p>longueur 85cm<\/p>\n<p>avec poign\u00e9e caoutchouc<\/p>\n<p>Avec lame courb\u00e9e en inox haute-qualit\u00e9 et poign\u00e9e en bois avec embout de prise caoutchout\u00e9. Forme sp\u00e9ciale de la lame avec pointe \u00e9mouss\u00e9e pour pouvoir la glisser entre la jambe et le bandage sans blesser la vache.<\/p>","protected":false},"excerpt":{"rendered":"<p>Lame 3mm longueur 85cm avec poign\u00e9e caoutchouc Avec lame courb\u00e9e en inox haute-qualit\u00e9 et poign\u00e9e en bois avec embout de prise caoutchout\u00e9. Forme sp\u00e9ciale de la lame avec pointe \u00e9mouss\u00e9e pour pouvoir la glisser entre la jambe et le bandage sans blesser la vache.<\/p>","protected":false},"featured_media":580,"template":"","meta":[],"product_brand":[],"product_cat":[21],"product_tag":[],"class_list":{"0":"post-433","1":"product","2":"type-product","3":"status-publish","4":"has-post-thumbnail","6":"product_cat-materiel","8":"first","9":"instock","10":"taxable","11":"shipping-taxable","12":"purchasable","13":"product-type-simple"},"_links":{"self":[{"href":"https:\/\/swissok.ch\/de\/wp-json\/wp\/v2\/product\/433","targetHints":{"allow":["GET"]}}],"collection":[{"href":"https:\/\/swissok.ch\/de\/wp-json\/wp\/v2\/product"}],"about":[{"href":"https:\/\/swissok.ch\/de\/wp-json\/wp\/v2\/types\/product"}],"wp:featuredmedia":[{"embeddable":true,"href":"https:\/\/swissok.ch\/de\/wp-json\/wp\/v2\/media\/580"}],"wp:attachment":[{"href":"https:\/\/swissok.ch\/de\/wp-json\/wp\/v2\/media?parent=433"}],"wp:term":[{"taxonomy":"product_brand","embeddable":true,"href":"https:\/\/swissok.ch\/de\/wp-json\/wp\/v2\/product_brand?post=433"},{"taxonomy":"product_cat","embeddable":true,"href":"https:\/\/swissok.ch\/de\/wp-json\/wp\/v2\/product_cat?post=433"},{"taxonomy":"product_tag","embeddable":true,"href":"https:\/\/swissok.ch\/de\/wp-json\/wp\/v2\/product_tag?post=433"}],"curies":[{"name":"wp","href":"https:\/\/api.w.org\/{rel}","templated":true}]}}