{"id":435,"date":"2024-02-22T08:53:45","date_gmt":"2024-02-22T07:53:45","guid":{"rendered":"https:\/\/swissok.ch\/?post_type=product&#038;p=435"},"modified":"2025-11-15T15:04:46","modified_gmt":"2025-11-15T14:04:46","slug":"abe-bande-polyester-15cm-sur-3m","status":"publish","type":"product","link":"https:\/\/swissok.ch\/de\/produkt\/abe-bande-polyester-15cm-sur-3m\/","title":{"rendered":"Synthetische Watte ABE"},"content":{"rendered":"<p>Bande polyester ABE 15cm x 3m<\/p>\n<ul>\n<li>Ouate de pansement enroul\u00e9e pour rembourrer individuellement les bandages<\/li>\n<li>100 % polyester pour une <strong>utilisation simple<\/strong><\/li>\n<li><strong>Bonne r\u00e9sistance<\/strong> \u00e0 la traction longitudinale et malgr\u00e9 tout facile \u00e0 d\u00e9chirer \u00e0 la main<\/li>\n<\/ul>","protected":false},"excerpt":{"rendered":"<p>Bande polyester ABE 15cm x 3m Ouate de pansement enroul\u00e9e pour rembourrer individuellement les bandages 100 % polyester pour une utilisation simple Bonne r\u00e9sistance \u00e0 la traction longitudinale et malgr\u00e9 tout facile \u00e0 d\u00e9chirer \u00e0 la main<\/p>","protected":false},"featured_media":708,"template":"","meta":[],"product_brand":[],"product_cat":[20],"product_tag":[],"class_list":{"0":"post-435","1":"product","2":"type-product","3":"status-publish","4":"has-post-thumbnail","6":"product_cat-bandages","8":"first","9":"instock","10":"taxable","11":"shipping-taxable","12":"purchasable","13":"product-type-variable"},"_links":{"self":[{"href":"https:\/\/swissok.ch\/de\/wp-json\/wp\/v2\/product\/435","targetHints":{"allow":["GET"]}}],"collection":[{"href":"https:\/\/swissok.ch\/de\/wp-json\/wp\/v2\/product"}],"about":[{"href":"https:\/\/swissok.ch\/de\/wp-json\/wp\/v2\/types\/product"}],"wp:featuredmedia":[{"embeddable":true,"href":"https:\/\/swissok.ch\/de\/wp-json\/wp\/v2\/media\/708"}],"wp:attachment":[{"href":"https:\/\/swissok.ch\/de\/wp-json\/wp\/v2\/media?parent=435"}],"wp:term":[{"taxonomy":"product_brand","embeddable":true,"href":"https:\/\/swissok.ch\/de\/wp-json\/wp\/v2\/product_brand?post=435"},{"taxonomy":"product_cat","embeddable":true,"href":"https:\/\/swissok.ch\/de\/wp-json\/wp\/v2\/product_cat?post=435"},{"taxonomy":"product_tag","embeddable":true,"href":"https:\/\/swissok.ch\/de\/wp-json\/wp\/v2\/product_tag?post=435"}],"curies":[{"name":"wp","href":"https:\/\/api.w.org\/{rel}","templated":true}]}}