{"id":439,"date":"2024-02-22T09:07:01","date_gmt":"2024-02-22T08:07:01","guid":{"rendered":"https:\/\/swissok.ch\/?post_type=product&#038;p=439"},"modified":"2025-11-15T14:57:01","modified_gmt":"2025-11-15T13:57:01","slug":"cx-5-l-gants-resistants-a-la-coupure","status":"publish","type":"product","link":"https:\/\/swissok.ch\/de\/produkt\/cx-5-l-gants-resistants-a-la-coupure\/","title":{"rendered":"Schnittschutzhandschuhe"},"content":{"rendered":"<p>Gants r\u00e9sistants \u00e0 la coupure.<\/p>\n<p>L\u00e9ger et souple pour une bonne sensation en travaillant<\/p>\n<p>Tailles disponibles: S | M | L | XL<\/p>\n<p>CX-5<\/p>","protected":false},"excerpt":{"rendered":"<p>Gants r\u00e9sistants \u00e0 la coupure. L\u00e9ger et souple pour une bonne sensation en travaillant Tailles disponibles: S | M | L | XL CX-5<\/p>","protected":false},"featured_media":573,"template":"","meta":[],"product_brand":[],"product_cat":[22],"product_tag":[],"class_list":{"0":"post-439","1":"product","2":"type-product","3":"status-publish","4":"has-post-thumbnail","6":"product_cat-materiel-de-securite","8":"first","9":"instock","10":"taxable","11":"shipping-taxable","12":"purchasable","13":"product-type-variable"},"_links":{"self":[{"href":"https:\/\/swissok.ch\/de\/wp-json\/wp\/v2\/product\/439","targetHints":{"allow":["GET"]}}],"collection":[{"href":"https:\/\/swissok.ch\/de\/wp-json\/wp\/v2\/product"}],"about":[{"href":"https:\/\/swissok.ch\/de\/wp-json\/wp\/v2\/types\/product"}],"wp:featuredmedia":[{"embeddable":true,"href":"https:\/\/swissok.ch\/de\/wp-json\/wp\/v2\/media\/573"}],"wp:attachment":[{"href":"https:\/\/swissok.ch\/de\/wp-json\/wp\/v2\/media?parent=439"}],"wp:term":[{"taxonomy":"product_brand","embeddable":true,"href":"https:\/\/swissok.ch\/de\/wp-json\/wp\/v2\/product_brand?post=439"},{"taxonomy":"product_cat","embeddable":true,"href":"https:\/\/swissok.ch\/de\/wp-json\/wp\/v2\/product_cat?post=439"},{"taxonomy":"product_tag","embeddable":true,"href":"https:\/\/swissok.ch\/de\/wp-json\/wp\/v2\/product_tag?post=439"}],"curies":[{"name":"wp","href":"https:\/\/api.w.org\/{rel}","templated":true}]}}