{"id":444,"date":"2024-02-22T09:12:49","date_gmt":"2024-02-22T08:12:49","guid":{"rendered":"https:\/\/swissok.ch\/?post_type=product&#038;p=444"},"modified":"2025-11-15T14:56:42","modified_gmt":"2025-11-15T13:56:42","slug":"10dl61-disque-dl","status":"publish","type":"product","link":"https:\/\/swissok.ch\/de\/produkt\/10dl61-disque-dl\/","title":{"rendered":"Demotec DL"},"content":{"rendered":"<p>Schonender Abtrag, keine Hitze oder Staubentwicklung: eine Klauenscheibe f\u00fcr Profis..<br \/>\nIn enger Zusammenarbeit mit professionellen Klauenpflegern wurde diese Scheibe zum Klauenschneiden entwickelt. Eine Scheibe, die Sie schnell \u00fcberzeugen wird und Ihnen hilft, Kosten zu sparen.<\/p>\n<p>Der Grundk\u00f6rper der DL-Scheibe ist aus Aluminium. Das sorgt f\u00fcr einen ruhigen Lauf und eine angenehme, leichte Handhabung. 7 Schneidemesser aus verschleissfestem Hartmetall (Widia) sichern eine hohe Abtragsleistung und eine lange Nutzungsdauer. Die Messer sind werksseitig so eingestellt, dass sie rasch abtragen und dabei grosse Sp\u00e4ne bilden. Dadurch wird das Horn schnell und schonend abgetragen - ohne Geruchs-, Staub- und Temperaturentwicklung.<\/p>","protected":false},"excerpt":{"rendered":"<p>Coupe rapide et douce sans poussi\u00e8re ni \u00e9chauffement: le disque pour les Pros ! Ce disque pour couper les onglons a \u00e9t\u00e9 d\u00e9velopp\u00e9 en \u00e9troite coop\u00e9ration avec des pareurs d\u2019onglons professionnels. Le Disque DL vous convaincra rapidement de sa qualit\u00e9 et vous permettra de r\u00e9aliser des \u00e9conomies. Le corps du disque en aluminium assure un [&hellip;]<\/p>\n","protected":false},"featured_media":888,"template":"","meta":[],"product_brand":[],"product_cat":[24],"product_tag":[],"class_list":{"0":"post-444","1":"product","2":"type-product","3":"status-publish","4":"has-post-thumbnail","6":"product_cat-renettes-disques","8":"first","9":"instock","10":"taxable","11":"shipping-taxable","12":"purchasable","13":"product-type-simple"},"_links":{"self":[{"href":"https:\/\/swissok.ch\/de\/wp-json\/wp\/v2\/product\/444","targetHints":{"allow":["GET"]}}],"collection":[{"href":"https:\/\/swissok.ch\/de\/wp-json\/wp\/v2\/product"}],"about":[{"href":"https:\/\/swissok.ch\/de\/wp-json\/wp\/v2\/types\/product"}],"wp:featuredmedia":[{"embeddable":true,"href":"https:\/\/swissok.ch\/de\/wp-json\/wp\/v2\/media\/888"}],"wp:attachment":[{"href":"https:\/\/swissok.ch\/de\/wp-json\/wp\/v2\/media?parent=444"}],"wp:term":[{"taxonomy":"product_brand","embeddable":true,"href":"https:\/\/swissok.ch\/de\/wp-json\/wp\/v2\/product_brand?post=444"},{"taxonomy":"product_cat","embeddable":true,"href":"https:\/\/swissok.ch\/de\/wp-json\/wp\/v2\/product_cat?post=444"},{"taxonomy":"product_tag","embeddable":true,"href":"https:\/\/swissok.ch\/de\/wp-json\/wp\/v2\/product_tag?post=444"}],"curies":[{"name":"wp","href":"https:\/\/api.w.org\/{rel}","templated":true}]}}