{"id":449,"date":"2024-02-22T09:38:45","date_gmt":"2024-02-22T08:38:45","guid":{"rendered":"https:\/\/swissok.ch\/?post_type=product&#038;p=449"},"modified":"2024-03-18T18:35:08","modified_gmt":"2024-03-18T17:35:08","slug":"easy-bloc-express-pack-a-36-pcs-complet","status":"publish","type":"product","link":"https:\/\/swissok.ch\/de\/produkt\/easy-bloc-express-pack-a-36-pcs-complet\/","title":{"rendered":"Demotec Easy Bloc Express"},"content":{"rendered":"<div>\n<p>Set mit 36 Kl\u00f6tzen und Kleber<\/p>\n<p>Mit Demotec EASY BLOC wurde ein neues System entwickelt, das es auch weniger ge\u00fcbten Anwendern erm\u00f6glicht, auftretende Lahmheiten einfach, schnell und kosteng\u00fcnstig zu behandeln.<\/p>\n<\/div>\n<div>\n<p>EASY BLOC EXPRESS h\u00e4rtet auch bei kalten Temperaturen innerhalb von 2-3 Minuten aus. Und er ist nicht mehr brennbar und damit ohne Beschr\u00e4nkungen zu transportieren.\n\nEinfach die gesunde Klaue vorbereiten, Kunststoff in die Kappe des EASY BLOCs f\u00fcllen und auf die Klaue st\u00fclpen. Pa\u00dft sofort. In wenigen Minuten ist die Behandlung abgeschlossen.<\/p>\n<ul data-ng-if=\"descriptionCtrl.isArray(description) &amp;&amp; descKey === 'USP\\'s'\" data-editing-info=\"{&quot;orderedStyleType&quot;:1,&quot;unorderedStyleType&quot;:1}\">\n<li>Ergonomisch geformter Klotz<\/li>\n<li>Sehr gute Entlastung der Klaue auf \u00fcber l\u00e4ngere Zeit<\/li>\n<li>Sehr schnell h\u00e4rtender 2 Komponenten Kleber<\/li>\n<li>Aush\u00e4rtungszeit 2-3 Minuten<\/li>\n<li>Einfache Anwendung<\/li>\n<\/ul>\n<\/div>","protected":false},"excerpt":{"rendered":"<p>Pack complet \u00e0 36 pcs Demotec Easy Bloc Express est un kit de traitement servant \u00e0 coller les semelles en plastique sous les onglons des bovins. Demotec est une colle \u00e0 onglons durcissant tr\u00e8s rapidement, que l\u2019on obtient suite \u00e0 un dosage ad\u00e9quat de poudre et de liquide. Semelle ergonomique D\u00e9charge maximale de la pression [&hellip;]<\/p>\n","protected":false},"featured_media":450,"template":"","meta":[],"product_brand":[],"product_cat":[26],"product_tag":[],"class_list":{"0":"post-449","1":"product","2":"type-product","3":"status-publish","4":"has-post-thumbnail","6":"product_cat-talonnettes-et-colle","8":"first","9":"instock","10":"taxable","11":"shipping-taxable","12":"purchasable","13":"product-type-simple"},"_links":{"self":[{"href":"https:\/\/swissok.ch\/de\/wp-json\/wp\/v2\/product\/449","targetHints":{"allow":["GET"]}}],"collection":[{"href":"https:\/\/swissok.ch\/de\/wp-json\/wp\/v2\/product"}],"about":[{"href":"https:\/\/swissok.ch\/de\/wp-json\/wp\/v2\/types\/product"}],"wp:featuredmedia":[{"embeddable":true,"href":"https:\/\/swissok.ch\/de\/wp-json\/wp\/v2\/media\/450"}],"wp:attachment":[{"href":"https:\/\/swissok.ch\/de\/wp-json\/wp\/v2\/media?parent=449"}],"wp:term":[{"taxonomy":"product_brand","embeddable":true,"href":"https:\/\/swissok.ch\/de\/wp-json\/wp\/v2\/product_brand?post=449"},{"taxonomy":"product_cat","embeddable":true,"href":"https:\/\/swissok.ch\/de\/wp-json\/wp\/v2\/product_cat?post=449"},{"taxonomy":"product_tag","embeddable":true,"href":"https:\/\/swissok.ch\/de\/wp-json\/wp\/v2\/product_tag?post=449"}],"curies":[{"name":"wp","href":"https:\/\/api.w.org\/{rel}","templated":true}]}}