{"id":515,"date":"2024-02-28T09:05:48","date_gmt":"2024-02-28T08:05:48","guid":{"rendered":"https:\/\/swissok.ch\/?post_type=product&#038;p=515"},"modified":"2025-11-15T14:55:11","modified_gmt":"2025-11-15T13:55:11","slug":"hr419-l-gants-en-latex-hr419-14-mil-30cm-ultra-resistants-et-adaptables-50-pieces","status":"publish","type":"product","link":"https:\/\/swissok.ch\/de\/produkt\/hr419-l-gants-en-latex-hr419-14-mil-30cm-ultra-resistants-et-adaptables-50-pieces\/","title":{"rendered":"Latex Handschuhe, ultra-stark, 30 cm  HR 419"},"content":{"rendered":"<p>Handschuhe Latex Extra-Stark<\/p>\n<p>Dicke 14 mil, L\u00e4nge 30 cm<\/p>\n<p>Extra stark und flexibel, 50 St\u00fcck pro Karton<\/p>","protected":false},"excerpt":{"rendered":"<p>Gants en latex HR419 Epaisseur 14 mil, longueur 30cm, taille L Ultra r\u00e9sistants et adaptables, par bo\u00eete. de 50 pi\u00e8ces<\/p>","protected":false},"featured_media":577,"template":"","meta":[],"product_brand":[],"product_cat":[21],"product_tag":[],"class_list":{"0":"post-515","1":"product","2":"type-product","3":"status-publish","4":"has-post-thumbnail","6":"product_cat-materiel","8":"first","9":"instock","10":"taxable","11":"shipping-taxable","12":"purchasable","13":"product-type-variable"},"_links":{"self":[{"href":"https:\/\/swissok.ch\/de\/wp-json\/wp\/v2\/product\/515","targetHints":{"allow":["GET"]}}],"collection":[{"href":"https:\/\/swissok.ch\/de\/wp-json\/wp\/v2\/product"}],"about":[{"href":"https:\/\/swissok.ch\/de\/wp-json\/wp\/v2\/types\/product"}],"wp:featuredmedia":[{"embeddable":true,"href":"https:\/\/swissok.ch\/de\/wp-json\/wp\/v2\/media\/577"}],"wp:attachment":[{"href":"https:\/\/swissok.ch\/de\/wp-json\/wp\/v2\/media?parent=515"}],"wp:term":[{"taxonomy":"product_brand","embeddable":true,"href":"https:\/\/swissok.ch\/de\/wp-json\/wp\/v2\/product_brand?post=515"},{"taxonomy":"product_cat","embeddable":true,"href":"https:\/\/swissok.ch\/de\/wp-json\/wp\/v2\/product_cat?post=515"},{"taxonomy":"product_tag","embeddable":true,"href":"https:\/\/swissok.ch\/de\/wp-json\/wp\/v2\/product_tag?post=515"}],"curies":[{"name":"wp","href":"https:\/\/api.w.org\/{rel}","templated":true}]}}