{"id":526,"date":"2024-02-28T09:20:41","date_gmt":"2024-02-28T08:20:41","guid":{"rendered":"https:\/\/swissok.ch\/?post_type=product&#038;p=526"},"modified":"2025-11-15T14:54:56","modified_gmt":"2025-11-15T13:54:56","slug":"blocs-de-griffes-wopa-clawglue-200ml","status":"publish","type":"product","link":"https:\/\/swissok.ch\/de\/produkt\/blocs-de-griffes-wopa-clawglue-200ml\/","title":{"rendered":"WOPA Klauenkleber 200 ml"},"content":{"rendered":"<p>- professioneller Kleber<\/p>\n<p>- einfache Anwendung<\/p>\n<p>- schnelles Aush\u00e4rten<\/p>\n<p>- langlebig, da die zwei Komponenten immer getrennt bleiben<\/p>\n<p>- Anwendung mit Pistole (200 ml) und Mischkan\u00fcle<\/p>","protected":false},"excerpt":{"rendered":"<p>&#8211; colle professionnelle &#8211; application facile &#8211; durcissement rapide &#8211; longue dur\u00e9e de vie car les deux composants restent toujours s\u00e9par\u00e9s &#8211; application avec pistolet \u00e0 colle (200ml) et seringues de m\u00e9lange<\/p>","protected":false},"featured_media":736,"template":"","meta":[],"product_brand":[],"product_cat":[26],"product_tag":[],"class_list":{"0":"post-526","1":"product","2":"type-product","3":"status-publish","4":"has-post-thumbnail","6":"product_cat-talonnettes-et-colle","8":"first","9":"instock","10":"taxable","11":"shipping-taxable","12":"purchasable","13":"product-type-simple"},"_links":{"self":[{"href":"https:\/\/swissok.ch\/de\/wp-json\/wp\/v2\/product\/526","targetHints":{"allow":["GET"]}}],"collection":[{"href":"https:\/\/swissok.ch\/de\/wp-json\/wp\/v2\/product"}],"about":[{"href":"https:\/\/swissok.ch\/de\/wp-json\/wp\/v2\/types\/product"}],"wp:featuredmedia":[{"embeddable":true,"href":"https:\/\/swissok.ch\/de\/wp-json\/wp\/v2\/media\/736"}],"wp:attachment":[{"href":"https:\/\/swissok.ch\/de\/wp-json\/wp\/v2\/media?parent=526"}],"wp:term":[{"taxonomy":"product_brand","embeddable":true,"href":"https:\/\/swissok.ch\/de\/wp-json\/wp\/v2\/product_brand?post=526"},{"taxonomy":"product_cat","embeddable":true,"href":"https:\/\/swissok.ch\/de\/wp-json\/wp\/v2\/product_cat?post=526"},{"taxonomy":"product_tag","embeddable":true,"href":"https:\/\/swissok.ch\/de\/wp-json\/wp\/v2\/product_tag?post=526"}],"curies":[{"name":"wp","href":"https:\/\/api.w.org\/{rel}","templated":true}]}}