{"id":529,"date":"2024-02-28T09:27:26","date_gmt":"2024-02-28T08:27:26","guid":{"rendered":"https:\/\/swissok.ch\/?post_type=product&#038;p=529"},"modified":"2026-03-19T07:59:05","modified_gmt":"2026-03-19T06:59:05","slug":"tablier-pvc-modele-long","status":"publish","type":"product","link":"https:\/\/swissok.ch\/de\/produkt\/tablier-pvc-modele-long\/","title":{"rendered":"Tablier PVC, mod\u00e8le long"},"content":{"rendered":"<p>Tablier en PVC r\u00e9sistant pour le parage des onglons &#8211; mod\u00e8le ferm\u00e9.<\/p>\n<p>Largeur : 70cm<\/p>\n<p>Avec quatre poches \u00e0 r\u00e9nette &#8211; Facile \u00e0 nettoyer et s\u00e8che rapidement.<\/p>","protected":false},"excerpt":{"rendered":"<p>Tablier en PVC r\u00e9sistant pour le parage des onglons &#8211; mod\u00e8le ferm\u00e9. Largeur : 70cm Avec quatre poches \u00e0 r\u00e9nette &#8211; Facile \u00e0 nettoyer et s\u00e8che rapidement.<\/p>","protected":false},"featured_media":672,"template":"","meta":[],"product_brand":[],"product_cat":[21],"product_tag":[],"class_list":{"0":"post-529","1":"product","2":"type-product","3":"status-publish","4":"has-post-thumbnail","6":"product_cat-materiel","8":"first","9":"onbackorder","10":"taxable","11":"shipping-taxable","12":"purchasable","13":"product-type-simple"},"_links":{"self":[{"href":"https:\/\/swissok.ch\/de\/wp-json\/wp\/v2\/product\/529","targetHints":{"allow":["GET"]}}],"collection":[{"href":"https:\/\/swissok.ch\/de\/wp-json\/wp\/v2\/product"}],"about":[{"href":"https:\/\/swissok.ch\/de\/wp-json\/wp\/v2\/types\/product"}],"wp:featuredmedia":[{"embeddable":true,"href":"https:\/\/swissok.ch\/de\/wp-json\/wp\/v2\/media\/672"}],"wp:attachment":[{"href":"https:\/\/swissok.ch\/de\/wp-json\/wp\/v2\/media?parent=529"}],"wp:term":[{"taxonomy":"product_brand","embeddable":true,"href":"https:\/\/swissok.ch\/de\/wp-json\/wp\/v2\/product_brand?post=529"},{"taxonomy":"product_cat","embeddable":true,"href":"https:\/\/swissok.ch\/de\/wp-json\/wp\/v2\/product_cat?post=529"},{"taxonomy":"product_tag","embeddable":true,"href":"https:\/\/swissok.ch\/de\/wp-json\/wp\/v2\/product_tag?post=529"}],"curies":[{"name":"wp","href":"https:\/\/api.w.org\/{rel}","templated":true}]}}