{"id":541,"date":"2024-02-28T09:47:50","date_gmt":"2024-02-28T08:47:50","guid":{"rendered":"https:\/\/swissok.ch\/?post_type=product&#038;p=541"},"modified":"2025-11-15T14:52:37","modified_gmt":"2025-11-15T13:52:37","slug":"disque-dl-soft-complet","status":"publish","type":"product","link":"https:\/\/swissok.ch\/de\/produkt\/disque-dl-soft-complet\/","title":{"rendered":"Disque DL-Soft complet"},"content":{"rendered":"<p>Pour une coupe extra-douce combin\u00e9e avec les avantages d\u2019un disque \u00e0 lames conventionnel.<br \/>\nMaintenant que nous poss\u00e9dons de nombreuses ann\u00e9es d\u2019exp\u00e9rience avec le DISQUE DL qui a bien prouv\u00e9 sa qualit\u00e9 pour le parage professionnel des onglons, nous pr\u00e9sentons aujourd\u2019hui une variante de ce disque con\u00e7ue sp\u00e9cialement pour les utilisateurs moins exerc\u00e9s. Les copeaux de corne d\u00e9gag\u00e9s par le disque DL Soft sont nettement plus petits. Par ainsi, ce disque allie une bonne performance de coupe avec les avantages d\u2019un disque \u00e0 lames \u00e9quilibr\u00e9. Ces caract\u00e9ristiques font du disque DL Soft l\u2019outil parfait pour tous ceux qui ne sont pas habitu\u00e9 \u00e0 couper des onglons tous les jours.<\/p>","protected":false},"excerpt":{"rendered":"<p>Pour une coupe extra-douce combin\u00e9e avec les avantages d\u2019un disque \u00e0 lames conventionnel. Maintenant que nous poss\u00e9dons de nombreuses ann\u00e9es d\u2019exp\u00e9rience avec le DISQUE DL qui a bien prouv\u00e9 sa qualit\u00e9 pour le parage professionnel des onglons, nous pr\u00e9sentons aujourd\u2019hui une variante de ce disque con\u00e7ue sp\u00e9cialement pour les utilisateurs moins exerc\u00e9s. Les copeaux de [&hellip;]<\/p>\n","protected":false},"featured_media":682,"template":"","meta":[],"product_brand":[],"product_cat":[24],"product_tag":[],"class_list":{"0":"post-541","1":"product","2":"type-product","3":"status-publish","4":"has-post-thumbnail","6":"product_cat-renettes-disques","8":"first","9":"instock","10":"taxable","11":"shipping-taxable","12":"purchasable","13":"product-type-simple"},"_links":{"self":[{"href":"https:\/\/swissok.ch\/de\/wp-json\/wp\/v2\/product\/541","targetHints":{"allow":["GET"]}}],"collection":[{"href":"https:\/\/swissok.ch\/de\/wp-json\/wp\/v2\/product"}],"about":[{"href":"https:\/\/swissok.ch\/de\/wp-json\/wp\/v2\/types\/product"}],"wp:featuredmedia":[{"embeddable":true,"href":"https:\/\/swissok.ch\/de\/wp-json\/wp\/v2\/media\/682"}],"wp:attachment":[{"href":"https:\/\/swissok.ch\/de\/wp-json\/wp\/v2\/media?parent=541"}],"wp:term":[{"taxonomy":"product_brand","embeddable":true,"href":"https:\/\/swissok.ch\/de\/wp-json\/wp\/v2\/product_brand?post=541"},{"taxonomy":"product_cat","embeddable":true,"href":"https:\/\/swissok.ch\/de\/wp-json\/wp\/v2\/product_cat?post=541"},{"taxonomy":"product_tag","embeddable":true,"href":"https:\/\/swissok.ch\/de\/wp-json\/wp\/v2\/product_tag?post=541"}],"curies":[{"name":"wp","href":"https:\/\/api.w.org\/{rel}","templated":true}]}}