{"id":543,"date":"2024-02-28T09:50:30","date_gmt":"2024-02-28T08:50:30","guid":{"rendered":"https:\/\/swissok.ch\/?post_type=product&#038;p=543"},"modified":"2025-11-15T14:47:40","modified_gmt":"2025-11-15T13:47:40","slug":"bison-renette-droit-lame-courte-et-etroite","status":"publish","type":"product","link":"https:\/\/swissok.ch\/de\/produkt\/bison-renette-droit-lame-courte-et-etroite\/","title":{"rendered":"R\u00e9nette Dick Bison, lame courte"},"content":{"rendered":"<p>R\u00e9nette lame courte et \u00e9troite<\/p>\n<p>facile a manipuler, facile aiguiser, r\u00e9nette de bonne qualit\u00e9<\/p>\n<p>Marque Dick &#8211; Bison<\/p>","protected":false},"excerpt":{"rendered":"<p>R\u00e9nette lame courte et \u00e9troite facile a manipuler, facile aiguiser, r\u00e9nette de bonne qualit\u00e9 Marque Dick &#8211; Bison<\/p>","protected":false},"featured_media":678,"template":"","meta":[],"product_brand":[],"product_cat":[24],"product_tag":[],"class_list":{"0":"post-543","1":"product","2":"type-product","3":"status-publish","4":"has-post-thumbnail","6":"product_cat-renettes-disques","8":"first","9":"instock","10":"taxable","11":"shipping-taxable","12":"purchasable","13":"product-type-variable"},"_links":{"self":[{"href":"https:\/\/swissok.ch\/de\/wp-json\/wp\/v2\/product\/543","targetHints":{"allow":["GET"]}}],"collection":[{"href":"https:\/\/swissok.ch\/de\/wp-json\/wp\/v2\/product"}],"about":[{"href":"https:\/\/swissok.ch\/de\/wp-json\/wp\/v2\/types\/product"}],"wp:featuredmedia":[{"embeddable":true,"href":"https:\/\/swissok.ch\/de\/wp-json\/wp\/v2\/media\/678"}],"wp:attachment":[{"href":"https:\/\/swissok.ch\/de\/wp-json\/wp\/v2\/media?parent=543"}],"wp:term":[{"taxonomy":"product_brand","embeddable":true,"href":"https:\/\/swissok.ch\/de\/wp-json\/wp\/v2\/product_brand?post=543"},{"taxonomy":"product_cat","embeddable":true,"href":"https:\/\/swissok.ch\/de\/wp-json\/wp\/v2\/product_cat?post=543"},{"taxonomy":"product_tag","embeddable":true,"href":"https:\/\/swissok.ch\/de\/wp-json\/wp\/v2\/product_tag?post=543"}],"curies":[{"name":"wp","href":"https:\/\/api.w.org\/{rel}","templated":true}]}}