{"id":546,"date":"2024-02-28T09:53:55","date_gmt":"2024-02-28T08:53:55","guid":{"rendered":"https:\/\/swissok.ch\/?post_type=product&#038;p=546"},"modified":"2025-11-15T14:45:49","modified_gmt":"2025-11-15T13:45:49","slug":"rape-titane-avec-couteaux","status":"publish","type":"product","link":"https:\/\/swissok.ch\/de\/produkt\/rape-titane-avec-couteaux\/","title":{"rendered":"R\u00e2pe titane avec couteaux"},"content":{"rendered":"<div>Disque en titane, fourni sans \u00e9tui.<\/div>\n<div>Pour les professionnels du parage, cette r\u00e2pe enl\u00e8ve beaucoup de corne et ne peut \u00eatre utilis\u00e9e que par des personnes bien form\u00e9es.<\/div>\n<div>1 jeu de deux lames altern\u00e9es est tourn\u00e9 \u00e0 chaque fois.<\/div>\n<div>Puissance requise 1000W<\/div>","protected":false},"excerpt":{"rendered":"<p>Disque en titane, fourni sans \u00e9tui. Pour les professionnels du parage, cette r\u00e2pe enl\u00e8ve beaucoup de corne et ne peut \u00eatre utilis\u00e9e que par des personnes bien form\u00e9es. 1 jeu de deux lames altern\u00e9es est tourn\u00e9 \u00e0 chaque fois. Puissance requise 1000W<\/p>","protected":false},"featured_media":734,"template":"","meta":[],"product_brand":[],"product_cat":[24],"product_tag":[],"class_list":{"0":"post-546","1":"product","2":"type-product","3":"status-publish","4":"has-post-thumbnail","6":"product_cat-renettes-disques","7":"product_shipping_class-standard","9":"first","10":"outofstock","11":"taxable","12":"shipping-taxable","13":"purchasable","14":"product-type-simple"},"_links":{"self":[{"href":"https:\/\/swissok.ch\/de\/wp-json\/wp\/v2\/product\/546","targetHints":{"allow":["GET"]}}],"collection":[{"href":"https:\/\/swissok.ch\/de\/wp-json\/wp\/v2\/product"}],"about":[{"href":"https:\/\/swissok.ch\/de\/wp-json\/wp\/v2\/types\/product"}],"wp:featuredmedia":[{"embeddable":true,"href":"https:\/\/swissok.ch\/de\/wp-json\/wp\/v2\/media\/734"}],"wp:attachment":[{"href":"https:\/\/swissok.ch\/de\/wp-json\/wp\/v2\/media?parent=546"}],"wp:term":[{"taxonomy":"product_brand","embeddable":true,"href":"https:\/\/swissok.ch\/de\/wp-json\/wp\/v2\/product_brand?post=546"},{"taxonomy":"product_cat","embeddable":true,"href":"https:\/\/swissok.ch\/de\/wp-json\/wp\/v2\/product_cat?post=546"},{"taxonomy":"product_tag","embeddable":true,"href":"https:\/\/swissok.ch\/de\/wp-json\/wp\/v2\/product_tag?post=546"}],"curies":[{"name":"wp","href":"https:\/\/api.w.org\/{rel}","templated":true}]}}