{"id":552,"date":"2024-02-28T10:02:10","date_gmt":"2024-02-28T09:02:10","guid":{"rendered":"https:\/\/swissok.ch\/?post_type=product&#038;p=552"},"modified":"2025-11-15T14:50:22","modified_gmt":"2025-11-15T13:50:22","slug":"semelle-pour-onglon-en-caoutchouc-bleu-130mm","status":"publish","type":"product","link":"https:\/\/swissok.ch\/de\/produkt\/semelle-pour-onglon-en-caoutchouc-bleu-130mm\/","title":{"rendered":"Talonnette Polyur\u00e9thane \u2013 souple"},"content":{"rendered":"<p>Talonnette TPBlock Bleu<\/p>\n<p>Les talonnettes en polyur\u00e9thane ne s&rsquo;usent pas et restent efficaces plus longtemps, m\u00eame sur un sol rugueux. Le mod\u00e8le bleu est souple et peut \u00eatre utilis\u00e9 dans toutes les situations o\u00f9 un onglon doit \u00eatre soulag\u00e9e.<\/p>\n<p>ils existe en deux tailles : standard (110 mm) et XXL (130 mm)<\/p>\n<p>et dans quatre hauteurs:<\/p>\n<ul>\n<li>extra-fine (9mm) &#8211; ne convient pas \u00e0 des fins th\u00e9rapeutiques, seulement en cas de sols minces ou pour r\u00e9duire les glissements<\/li>\n<li>basse (14 mm)<\/li>\n<li>haute (18 mm)<\/li>\n<li>extra haute (25 mm)<\/li>\n<\/ul>","protected":false},"excerpt":{"rendered":"<p>Talonnette TPBlock Bleu Les talonnettes en polyur\u00e9thane ne s&rsquo;usent pas et restent efficaces plus longtemps, m\u00eame sur un sol rugueux. Le mod\u00e8le bleu est souple et peut \u00eatre utilis\u00e9 dans toutes les situations o\u00f9 un onglon doit \u00eatre soulag\u00e9e. ils existe en deux tailles : standard (110 mm) et XXL (130 mm) et dans quatre [&hellip;]<\/p>\n","protected":false},"featured_media":582,"template":"","meta":[],"product_brand":[],"product_cat":[26],"product_tag":[],"class_list":{"0":"post-552","1":"product","2":"type-product","3":"status-publish","4":"has-post-thumbnail","6":"product_cat-talonnettes-et-colle","8":"first","9":"instock","10":"taxable","11":"shipping-taxable","12":"purchasable","13":"product-type-variable"},"_links":{"self":[{"href":"https:\/\/swissok.ch\/de\/wp-json\/wp\/v2\/product\/552","targetHints":{"allow":["GET"]}}],"collection":[{"href":"https:\/\/swissok.ch\/de\/wp-json\/wp\/v2\/product"}],"about":[{"href":"https:\/\/swissok.ch\/de\/wp-json\/wp\/v2\/types\/product"}],"wp:featuredmedia":[{"embeddable":true,"href":"https:\/\/swissok.ch\/de\/wp-json\/wp\/v2\/media\/582"}],"wp:attachment":[{"href":"https:\/\/swissok.ch\/de\/wp-json\/wp\/v2\/media?parent=552"}],"wp:term":[{"taxonomy":"product_brand","embeddable":true,"href":"https:\/\/swissok.ch\/de\/wp-json\/wp\/v2\/product_brand?post=552"},{"taxonomy":"product_cat","embeddable":true,"href":"https:\/\/swissok.ch\/de\/wp-json\/wp\/v2\/product_cat?post=552"},{"taxonomy":"product_tag","embeddable":true,"href":"https:\/\/swissok.ch\/de\/wp-json\/wp\/v2\/product_tag?post=552"}],"curies":[{"name":"wp","href":"https:\/\/api.w.org\/{rel}","templated":true}]}}