{"id":554,"date":"2024-02-28T10:04:46","date_gmt":"2024-02-28T09:04:46","guid":{"rendered":"https:\/\/swissok.ch\/?post_type=product&#038;p=554"},"modified":"2025-11-15T14:50:15","modified_gmt":"2025-11-15T13:50:15","slug":"semelle-pour-onglon-en-caoutchouc-violet-110mm","status":"publish","type":"product","link":"https:\/\/swissok.ch\/de\/produkt\/semelle-pour-onglon-en-caoutchouc-violet-110mm\/","title":{"rendered":"Talonnette Polyur\u00e9thane &#8211; extra souple"},"content":{"rendered":"<p>Talonnette TPBlock Violet<\/p>\n<p>Les talonnettes en polyur\u00e9thane ne s&rsquo;use pas et garde plus longtemps leur efficacit\u00e9\u00a0 m\u00eame sur du sol abrasif. Le model violet est extra-souple et peut-\u00eatre utilis\u00e9 avec un risque r\u00e9duit de blessures sous la talonnette lorsque l&rsquo;onglon est d\u00e9j\u00e0 sollicit\u00e9e<\/p>\n<p>ils existe en deux tailles : standard (110 mm) et XXL (130 mm)<\/p>\n<p>et dans trois hauteurs:<\/p>\n<ul>\n<li>basse (14 mm)<\/li>\n<li>haute (18 mm)<\/li>\n<li>extra haute (25 mm)<\/li>\n<\/ul>","protected":false},"excerpt":{"rendered":"<p>Talonnette TPBlock Violet Les talonnettes en polyur\u00e9thane ne s&rsquo;use pas et garde plus longtemps leur efficacit\u00e9\u00a0 m\u00eame sur du sol abrasif. Le model violet est extra-souple et peut-\u00eatre utilis\u00e9 avec un risque r\u00e9duit de blessures sous la talonnette lorsque l&rsquo;onglon est d\u00e9j\u00e0 sollicit\u00e9e ils existe en deux tailles : standard (110 mm) et XXL (130 [&hellip;]<\/p>\n","protected":false},"featured_media":585,"template":"","meta":[],"product_brand":[],"product_cat":[26],"product_tag":[],"class_list":{"0":"post-554","1":"product","2":"type-product","3":"status-publish","4":"has-post-thumbnail","6":"product_cat-talonnettes-et-colle","8":"first","9":"instock","10":"taxable","11":"shipping-taxable","12":"purchasable","13":"product-type-variable"},"_links":{"self":[{"href":"https:\/\/swissok.ch\/de\/wp-json\/wp\/v2\/product\/554","targetHints":{"allow":["GET"]}}],"collection":[{"href":"https:\/\/swissok.ch\/de\/wp-json\/wp\/v2\/product"}],"about":[{"href":"https:\/\/swissok.ch\/de\/wp-json\/wp\/v2\/types\/product"}],"wp:featuredmedia":[{"embeddable":true,"href":"https:\/\/swissok.ch\/de\/wp-json\/wp\/v2\/media\/585"}],"wp:attachment":[{"href":"https:\/\/swissok.ch\/de\/wp-json\/wp\/v2\/media?parent=554"}],"wp:term":[{"taxonomy":"product_brand","embeddable":true,"href":"https:\/\/swissok.ch\/de\/wp-json\/wp\/v2\/product_brand?post=554"},{"taxonomy":"product_cat","embeddable":true,"href":"https:\/\/swissok.ch\/de\/wp-json\/wp\/v2\/product_cat?post=554"},{"taxonomy":"product_tag","embeddable":true,"href":"https:\/\/swissok.ch\/de\/wp-json\/wp\/v2\/product_tag?post=554"}],"curies":[{"name":"wp","href":"https:\/\/api.w.org\/{rel}","templated":true}]}}