{"id":676,"date":"2024-03-05T14:03:46","date_gmt":"2024-03-05T13:03:46","guid":{"rendered":"https:\/\/swissok.ch\/?post_type=product&#038;p=676"},"modified":"2025-11-15T14:49:39","modified_gmt":"2025-11-15T13:49:39","slug":"protege-poignet-et-bras-en-neoprene-bleu-9cm","status":"publish","type":"product","link":"https:\/\/swissok.ch\/de\/produkt\/protege-poignet-et-bras-en-neoprene-bleu-9cm\/","title":{"rendered":"Prot\u00e8ge-poignet et bras en n\u00e9opr\u00e8ne"},"content":{"rendered":"<div dir=\"auto\">Protection de poignet en n\u00e9opr\u00e8ne \u00e9lastique<\/div>\n<div dir=\"auto\"><\/div>\n<div id=\"ms-outlook-mobile-signature\" dir=\"auto\">\n<div dir=\"auto\">Solide et lavable en machine.<\/div>\n<\/div>","protected":false},"excerpt":{"rendered":"<p>Protection de poignet en n\u00e9opr\u00e8ne \u00e9lastique Solide et lavable en machine.<\/p>","protected":false},"featured_media":673,"template":"","meta":[],"product_brand":[],"product_cat":[22],"product_tag":[],"class_list":{"0":"post-676","1":"product","2":"type-product","3":"status-publish","4":"has-post-thumbnail","6":"product_cat-materiel-de-securite","8":"first","9":"instock","10":"taxable","11":"shipping-taxable","12":"purchasable","13":"product-type-variable"},"_links":{"self":[{"href":"https:\/\/swissok.ch\/de\/wp-json\/wp\/v2\/product\/676","targetHints":{"allow":["GET"]}}],"collection":[{"href":"https:\/\/swissok.ch\/de\/wp-json\/wp\/v2\/product"}],"about":[{"href":"https:\/\/swissok.ch\/de\/wp-json\/wp\/v2\/types\/product"}],"wp:featuredmedia":[{"embeddable":true,"href":"https:\/\/swissok.ch\/de\/wp-json\/wp\/v2\/media\/673"}],"wp:attachment":[{"href":"https:\/\/swissok.ch\/de\/wp-json\/wp\/v2\/media?parent=676"}],"wp:term":[{"taxonomy":"product_brand","embeddable":true,"href":"https:\/\/swissok.ch\/de\/wp-json\/wp\/v2\/product_brand?post=676"},{"taxonomy":"product_cat","embeddable":true,"href":"https:\/\/swissok.ch\/de\/wp-json\/wp\/v2\/product_cat?post=676"},{"taxonomy":"product_tag","embeddable":true,"href":"https:\/\/swissok.ch\/de\/wp-json\/wp\/v2\/product_tag?post=676"}],"curies":[{"name":"wp","href":"https:\/\/api.w.org\/{rel}","templated":true}]}}