{"id":807,"date":"2024-03-22T10:16:31","date_gmt":"2024-03-22T09:16:31","guid":{"rendered":"https:\/\/swissok.ch\/?post_type=product&#038;p=807"},"modified":"2025-11-15T14:49:13","modified_gmt":"2025-11-15T13:49:13","slug":"bandage-adhesif-bleu-bte-12","status":"publish","type":"product","link":"https:\/\/swissok.ch\/de\/produkt\/bandage-adhesif-bleu-bte-12\/","title":{"rendered":"Bandage adh\u00e9sif bleu &#8211; bo\u00eete de 12"},"content":{"rendered":"<p class=\"elementToProof\">Bandage adh\u00e9sif bleu 10cm x 4,5m, en bo\u00eete de 12 pi\u00e8ces<\/p>\n<p class=\"elementToProof\">\u2022 r\u00e9siste aux d\u00e9chirements<\/p>\n<p>\u2022 bonne protection et tenue en place<\/p>\n<p>\u2022 une application correcte permet la circulation sanguine<\/p>\n<p>\u2022 pose facile m\u00eame aux endroits d\u00e9licats<\/p>\n<p>\u2022 autocollant<\/p>\n<p>\u2022 ne colle pas aux poils<\/p>\n<p class=\"elementToProof\">\u2022 se d\u00e9tache facilement avec des ciseaux<\/p>","protected":false},"excerpt":{"rendered":"<p>Bandage adh\u00e9sif bleu 10cm x 4,5m, en bo\u00eete de 12 pi\u00e8ces \u2022 r\u00e9siste aux d\u00e9chirements \u2022 bonne protection et tenue en place \u2022 une application correcte permet la circulation sanguine \u2022 pose facile m\u00eame aux endroits d\u00e9licats \u2022 autocollant \u2022 ne colle pas aux poils \u2022 se d\u00e9tache facilement avec des ciseaux<\/p>","protected":false},"featured_media":707,"template":"","meta":[],"product_brand":[],"product_cat":[20],"product_tag":[],"class_list":{"0":"post-807","1":"product","2":"type-product","3":"status-publish","4":"has-post-thumbnail","6":"product_cat-bandages","8":"first","9":"instock","10":"taxable","11":"shipping-taxable","12":"purchasable","13":"product-type-simple"},"_links":{"self":[{"href":"https:\/\/swissok.ch\/de\/wp-json\/wp\/v2\/product\/807","targetHints":{"allow":["GET"]}}],"collection":[{"href":"https:\/\/swissok.ch\/de\/wp-json\/wp\/v2\/product"}],"about":[{"href":"https:\/\/swissok.ch\/de\/wp-json\/wp\/v2\/types\/product"}],"wp:featuredmedia":[{"embeddable":true,"href":"https:\/\/swissok.ch\/de\/wp-json\/wp\/v2\/media\/707"}],"wp:attachment":[{"href":"https:\/\/swissok.ch\/de\/wp-json\/wp\/v2\/media?parent=807"}],"wp:term":[{"taxonomy":"product_brand","embeddable":true,"href":"https:\/\/swissok.ch\/de\/wp-json\/wp\/v2\/product_brand?post=807"},{"taxonomy":"product_cat","embeddable":true,"href":"https:\/\/swissok.ch\/de\/wp-json\/wp\/v2\/product_cat?post=807"},{"taxonomy":"product_tag","embeddable":true,"href":"https:\/\/swissok.ch\/de\/wp-json\/wp\/v2\/product_tag?post=807"}],"curies":[{"name":"wp","href":"https:\/\/api.w.org\/{rel}","templated":true}]}}